{"id":17,"date":"2018-03-28T10:37:58","date_gmt":"2018-03-28T09:37:58","guid":{"rendered":"http:\/\/stephan-preiss.de\/?page_id=17"},"modified":"2024-07-29T17:10:19","modified_gmt":"2024-07-29T16:10:19","slug":"sgs","status":"publish","type":"page","link":"https:\/\/stephan-preiss.de\/?page_id=17","title":{"rendered":"Der H\u00f6hlenverein"},"content":{"rendered":"<p>&nbsp;<\/p>\n<p style=\"text-align: left;\"><img loading=\"lazy\" decoding=\"async\" class=\"alignleft wp-image-2092 size-thumbnail\" src=\"https:\/\/stephan-preiss.de\/wp-content\/uploads\/2021\/04\/E360E7C2-93BF-4E72-9124-C07B3F03DAC0-150x150.jpeg\" alt=\"\" width=\"150\" height=\"150\" srcset=\"https:\/\/stephan-preiss.de\/wp-content\/uploads\/2021\/04\/E360E7C2-93BF-4E72-9124-C07B3F03DAC0-150x150.jpeg 150w, https:\/\/stephan-preiss.de\/wp-content\/uploads\/2021\/04\/E360E7C2-93BF-4E72-9124-C07B3F03DAC0-270x270.jpeg 270w, https:\/\/stephan-preiss.de\/wp-content\/uploads\/2021\/04\/E360E7C2-93BF-4E72-9124-C07B3F03DAC0-230x230.jpeg 230w\" sizes=\"auto, (max-width: 150px) 100vw, 150px\" \/>Durch einen Freund stie\u00df ich im Jahre 1991 auf den Verein \u201eSpel\u00e4o-Gruppe Sauerland e.V.\u201c, der mich<br \/>\n<img loading=\"lazy\" decoding=\"async\" class=\"alignright size-full wp-image-266\" src=\"https:\/\/stephan-preiss.de\/wp-content\/uploads\/2018\/04\/CC69F547-DC0D-49F1-8017-1A3CDF4B2ED9.gif\" alt=\"\" width=\"150\" height=\"150\" \/>mit vielen Aktivit\u00e4ten auf Trab h\u00e4lt. Hier wird geforscht was das Zeug h\u00e4lt!<\/p>\n<p style=\"text-align: left;\">Bei Interesse einfach melden oder selbst unter <a href=\"http:\/\/www.sgs-ev.de\" target=\"_blank\" rel=\"noopener\">SGS<\/a> vorbeischauen!<\/p>\n<p>&nbsp;<\/p>\n","protected":false},"excerpt":{"rendered":"<p>&nbsp; Durch einen Freund stie\u00df ich im Jahre 1991 auf den Verein \u201eSpel\u00e4o-Gruppe Sauerland e.V.\u201c, der mich mit vielen Aktivit\u00e4ten auf Trab h\u00e4lt. Hier wird geforscht was das Zeug h\u00e4lt! Bei Interesse einfach melden oder selbst unter SGS vorbeischauen! &nbsp;<\/p>\n","protected":false},"author":1,"featured_media":0,"parent":0,"menu_order":0,"comment_status":"closed","ping_status":"closed","template":"","meta":{"footnotes":""},"class_list":["post-17","page","type-page","status-publish","hentry"],"_links":{"self":[{"href":"https:\/\/stephan-preiss.de\/index.php?rest_route=\/wp\/v2\/pages\/17","targetHints":{"allow":["GET"]}}],"collection":[{"href":"https:\/\/stephan-preiss.de\/index.php?rest_route=\/wp\/v2\/pages"}],"about":[{"href":"https:\/\/stephan-preiss.de\/index.php?rest_route=\/wp\/v2\/types\/page"}],"author":[{"embeddable":true,"href":"https:\/\/stephan-preiss.de\/index.php?rest_route=\/wp\/v2\/users\/1"}],"replies":[{"embeddable":true,"href":"https:\/\/stephan-preiss.de\/index.php?rest_route=%2Fwp%2Fv2%2Fcomments&post=17"}],"version-history":[{"count":26,"href":"https:\/\/stephan-preiss.de\/index.php?rest_route=\/wp\/v2\/pages\/17\/revisions"}],"predecessor-version":[{"id":3115,"href":"https:\/\/stephan-preiss.de\/index.php?rest_route=\/wp\/v2\/pages\/17\/revisions\/3115"}],"wp:attachment":[{"href":"https:\/\/stephan-preiss.de\/index.php?rest_route=%2Fwp%2Fv2%2Fmedia&parent=17"}],"curies":[{"name":"wp","href":"https:\/\/api.w.org\/{rel}","templated":true}]}}