{"id":1380,"date":"2019-01-23T16:31:47","date_gmt":"2019-01-23T15:31:47","guid":{"rendered":"http:\/\/stephan-preiss.de\/?page_id=1380"},"modified":"2023-12-31T18:06:34","modified_gmt":"2023-12-31T17:06:34","slug":"datenschutzerklaerung","status":"publish","type":"page","link":"https:\/\/stephan-preiss.de\/?page_id=1380","title":{"rendered":"Datenschutzerkl\u00e4rung"},"content":{"rendered":"<p>Datenschutzerkl\u00e4rung<\/p>\n<p>Meine Website ist rein private Website. Sie enth\u00e4lt Informationen \u00fcber<span class=\"Apple-converted-space\">\u00a0 <\/span>mich, Freunde und Bekannte und alle Anderen, die sich daf\u00fcr interessieren.<span class=\"Apple-converted-space\">\u00a0<\/span><\/p>\n<p>Ich erl\u00e4utere hier kurz, in welchem \u2013 stark begrenzten Umfang \u2013 auf meiner Website personenbezogene Daten verarbeitet werden.<\/p>\n<p>Verantwortlichkeit<\/p>\n<p>Verantwortlich f\u00fcr diese Website ist:<\/p>\n<p>Stephan Preiss<br \/>\ninfo@stephan-preiss.de<\/p>\n<p>Personenbezogene Daten<\/p>\n<p>Personenbezogene Daten sind alle Informationen, die etwas \u00fcber einen bestimmte Person aussagen, z. B. Namen, Adresse usw.. Personenbezogen sind dabei nicht nur Daten, bei denen die Person direkt erkennbar ist, sondern auch, wenn die Person erst noch identifiziert werden muss (z. B. \u00fcber Kundennummer oder IP-Adresse).<\/p>\n<p>Rechtsgrundlagen<\/p>\n<p>Rechtsgrundlage f\u00fcr die Verarbeitung personenbezogener Daten sind:<span class=\"Apple-converted-space\">\u00a0<\/span><\/p>\n<ul>\n<li>Art. 6 Abs. 1 lit. a DSGVO, wenn ich Ihre Einwilligung einhole<\/li>\n<li>Art. 6 Abs. 1 lit. b DSGVO, wenn die Daten zur Erf\u00fcllung eines Vertrages erforderlich sind (trifft auf meiner Website nicht zu)<\/li>\n<li>Art. 6 Abs. 1 lit. c DSGVO, f\u00fcr die Verarbeitung von Daten, die zur Erf\u00fcllung einer rechtlichen Verpflichtung erforderlich sind<\/li>\n<li>Art. 6 Abs. 1 lit. f DSGVO, sofern die\u00a0Wahrung meiner berechtigten Interessen\u00a0die Verarbeitung der personenbezogenen Daten erfordert<\/li>\n<li>Art. 6 Abs. 1 lit. d DSGVO, wenn lebenswichtige Interessen der betroffenen Person oder einer anderen nat\u00fcrlichen Person eine Verarbeitung personenbezogener Daten erforderlich machen (d\u00fcrfte hier auch nicht zutreffen)<\/li>\n<\/ul>\n<p>Speicherdauer und Datenl\u00f6schung<\/p>\n<p>Ihre personenbezogenen Daten werden gel\u00f6scht, sobald der Zweck der Speicherung entf\u00e4llt. Eine Speicherung dar\u00fcber hinaus erfolgt nur, wenn dies durch Verordnungen, Gesetzen usw. vorgesehen wird.<\/p>\n<p>Bereitstellung der Website und Erstellung von Logfiles<\/p>\n<p>Bei jedem Aufruf einer meiner Internetseiten werden vom Hostinganbieter Daten und Informationen des aufrufenden Rechners erfasst. Dies sind Name der abgerufenen Webseite, Datum und Uhrzeit des Abrufs, Browsertyp und Version, das Betriebssystem des Nutzers, vorher besuchte Seite (Referrer URL), IP-Adresse des Nutzers und Internet Service Provider des Nutzers.<\/p>\n<p>Die vor\u00fcbergehende Speicherung der IP-Adresse ist notwendig, um eine Auslieferung der Website an den Rechner des Nutzers \u00fcberhaupt zu erm\u00f6glichen.\u00a0Die Erhebung dieser Daten erfolgt aufgrund des berechtigten Interesse an der Datenerhebung gem. Art. 6 Abs. 1 Satz 1 lit. f DSGVO.<\/p>\n<p>Die Informationen werden vom Hosting Anbieter f\u00fcr die Dauer von maximal 7 Tagen in Logfiles gespeichert und danach gel\u00f6scht. Die Speicherung in Logfiles erfolgt zur Gew\u00e4hrleistung der Sicherheit der informationstechnischen Systeme des Hostingproviders (z.B. zur Aufkl\u00e4rung von Missbrauchs- oder Betrugshandlungen). Die Erhebung dieser Daten durch den Hosting Anbieter erfolgt dabei aufgrund seines des berechtigten Interesse an der Datenerhebung gem. Art. 6 Abs. 1 Satz 1 lit. f DSGVO.<\/p>\n<p>Die Daten werden mir f\u00fcr einen Zeitraum von 6 Wochen in anonymisierter Form (d.h. mit verfremdeter IP Adresse) f\u00fcr Auswertungen zur Verf\u00fcgung gestellt. Ein R\u00fcckschluss auf eine konkrete Person ist aus diesen Daten nicht mehr m\u00f6glich.<\/p>\n<p>E Mail Kontakt<\/p>\n<p>Auf der Website erm\u00f6gliche ich es Ihnen, per e-mail mit mir in Kontakt zu treten. Sofern Sie per e-mail Kontakt mit mir aufnehmen, werden die e-mail und die darin von Ihnen \u00fcbermittelten personenbezogenen Daten gespeichert. Die Daten werden ausschlie\u00dflich f\u00fcr die Durchf\u00fchrung der Konversation mit Ihnen gespeichert. Rechtsgrundlage f\u00fcr die Verarbeitung Ihrer Daten per e-mail \u00fcbersandten Daten ist Art. 6 Abs 1 lit f DSGVO.<\/p>\n<p>Weitergabe Ihrer Daten an Dritte<\/p>\n<p>Ich geben Ihre pers\u00f6nlichen Daten nicht an Dritte weiter.<\/p>\n<p>Cookies<\/p>\n<p>Cookies sind Textinformation, die im Browser auf dem Endger\u00e4t des Betrachters jeweils zu einer besuchten Website gespeichert werden.<\/p>\n<p>Auf meiner Website werden keine Cookies verwendet.<\/p>\n<p>Externe Links<\/p>\n<p>Sofern Sie externe Links nutzen, die auf den Webseiten angeboten werden, erstrecken sich diese Hinweise nicht auf diese Links. Ich haben keinen Einfluss auf die Einhaltung der Datenschutz- und Sicherheitsbestimmungen durch andere Anbieter. Informieren Sie sich deshalb bitte auf den Internetseiten der anderen Anbieter auch \u00fcber deren Datenschutzerkl\u00e4rungen.<\/p>\n<p>Ihre Rechte<\/p>\n<p>Sie haben das Recht, eine Best\u00e4tigung dar\u00fcber zu verlangen, ob personenbezogene Daten von Ihnen verarbeitet werden, welche Daten erhoben werden, zu welchem Zweck die Daten verarbeitet werden, wer sie erh\u00e4lt und wie lange die Daten gespeichert werden.<span class=\"Apple-converted-space\">\u00a0<\/span><\/p>\n<p>Ferner haben sie<\/p>\n<ul>\n<li>das Recht auf Berichtigung, d.h. Sie k\u00f6nnen verlangen, dass unrichtige Daten mit Bezug zu Ihrer Person berichtigt werden und unvollst\u00e4ndige Daten erg\u00e4nzt werden;<\/li>\n<li>das Recht auf L\u00f6schung (\u201eRecht auf Vergessen werden\u201c), d.h. Sie k\u00f6nnen in gewissen Situationen die unverz\u00fcgliche L\u00f6schung Ihrer gespeicherten personenbezogenen Daten verlangen;<\/li>\n<li>das Recht aug Eischr\u00e4nkung der Verarbeitung;<\/li>\n<li>das Recht, eine erteilte Einwilligung zu widerrufen. Dies betrifft nur die zuk\u00fcnftige Verarbeitung, Datenverarbeitung bis zum Widerruf der Einwilligung ist davon nicht betroffen;<\/li>\n<li>ein Recht auf Daten\u00fcbertragung;<\/li>\n<li>das Recht, sich bei einer Aufsichtsbeh\u00f6rde zu beschweren; sowie<\/li>\n<li>das Recht, keiner automatisierten Entscheidung unterworfen zu werden.<\/li>\n<\/ul>\n","protected":false},"excerpt":{"rendered":"<p>Datenschutzerkl\u00e4rung Meine Website ist rein private Website. Sie enth\u00e4lt Informationen \u00fcber\u00a0 mich, Freunde und Bekannte und alle Anderen, die sich daf\u00fcr interessieren.\u00a0 Ich erl\u00e4utere hier kurz, in welchem \u2013 stark begrenzten Umfang \u2013 auf meiner Website personenbezogene Daten verarbeitet werden.<\/p>\n","protected":false},"author":1,"featured_media":0,"parent":0,"menu_order":0,"comment_status":"closed","ping_status":"closed","template":"","meta":{"footnotes":""},"class_list":["post-1380","page","type-page","status-publish","hentry"],"_links":{"self":[{"href":"https:\/\/stephan-preiss.de\/index.php?rest_route=\/wp\/v2\/pages\/1380","targetHints":{"allow":["GET"]}}],"collection":[{"href":"https:\/\/stephan-preiss.de\/index.php?rest_route=\/wp\/v2\/pages"}],"about":[{"href":"https:\/\/stephan-preiss.de\/index.php?rest_route=\/wp\/v2\/types\/page"}],"author":[{"embeddable":true,"href":"https:\/\/stephan-preiss.de\/index.php?rest_route=\/wp\/v2\/users\/1"}],"replies":[{"embeddable":true,"href":"https:\/\/stephan-preiss.de\/index.php?rest_route=%2Fwp%2Fv2%2Fcomments&post=1380"}],"version-history":[{"count":5,"href":"https:\/\/stephan-preiss.de\/index.php?rest_route=\/wp\/v2\/pages\/1380\/revisions"}],"predecessor-version":[{"id":2764,"href":"https:\/\/stephan-preiss.de\/index.php?rest_route=\/wp\/v2\/pages\/1380\/revisions\/2764"}],"wp:attachment":[{"href":"https:\/\/stephan-preiss.de\/index.php?rest_route=%2Fwp%2Fv2%2Fmedia&parent=1380"}],"curies":[{"name":"wp","href":"https:\/\/api.w.org\/{rel}","templated":true}]}}